{"id":7487,"date":"2024-10-07T20:25:07","date_gmt":"2024-10-07T18:25:07","guid":{"rendered":"https:\/\/eco-palm-sarl.com\/blog\/?page_id=7487"},"modified":"2024-11-14T19:30:08","modified_gmt":"2024-11-14T18:30:08","slug":"accueil","status":"publish","type":"page","link":"https:\/\/eco-palm-sarl.com\/blog\/","title":{"rendered":"Accueil"},"content":{"rendered":"<div class=\"wpb-content-wrapper\">[vc_section][vc_row][vc_column][vc_column_text css=&#8221;&#8221; woodmart_inline=&#8221;no&#8221; text_larger=&#8221;no&#8221;]<span style=\"font-size: 14pt; color: #000000;\"><strong>ECO-PALM<\/strong> est une entreprise fond\u00e9e par Tarek Ghrissi, install\u00e9e en Haute-Savoie depuis 2017 et sp\u00e9cialis\u00e9e dans la production, la transformation et la distribution de produits de terroir tunisiens alimentaires, cosm\u00e9tiques et de bien-\u00eatre, issus de l\u2019agriculture biologique et biodynamique, ainsi que de produits de l&#8217;artisanat local.<\/span><\/p>\n<blockquote><p><span style=\"font-size: 14pt; color: #000000;\">Nous concentrons l\u2019essentiel de notre activit\u00e9 sur des produits qui pr\u00e9sentent de nombreux bienfaits pour la sant\u00e9. <\/span><span style=\"font-size: 14pt; color: #000000;\">Nous vous offrons une gamme de produits d\u2019excellence, en direct de producteurs s\u00e9lectionn\u00e9s par nos soins, dans le respect du commerce \u00e9quitable et des normes europ\u00e9ennes et internationales. <\/span><\/p>\n<p><span style=\"font-size: 14pt; color: #000000;\">Par ailleurs, au cours de l&#8217;ann\u00e9e 2024, nous avons lanc\u00e9 l&#8217;organisation de voyages \u00e0 la d\u00e9couverte de la Tunisie authentique. Dans l&#8217;optique d&#8217;un impact minimal sur l&#8217;environnement, nous d\u00e9veloppons divers circuits sur des th\u00e8mes vari\u00e9s : randonn\u00e9es \u00e0 pied ou chameli\u00e8res, visites arch\u00e9ologiques et culturelles, art culinaire, repos et loisirs.<\/span><\/p>\n<\/blockquote>\n[\/vc_column_text][\/vc_column][\/vc_row][vc_row][vc_column width=&#8221;1\/2&#8243;]<div class=\" ubtn-ctn-left \"><a class=\"ubtn-link ult-adjust-bottom-margin ubtn-left ubtn-block \" href=\"https:\/\/ghrissy.fr\/\" target=\"_blank\" rel=\"noopener\" ><button type=\"button\" id=\"ubtn-1551\"  class=\"ubtn ult-adjust-bottom-margin ult-responsive ubtn-block ubtn-no-hover-bg  none  ubtn-sep-icon ubtn-sep-icon-at-left  ubtn-left   tooltip-69f7380e93d22 ubtn-block\"  data-hover=\"\" data-border-color=\"\" data-bg=\"#4F87BB\" data-hover-bg=\"\" data-border-hover=\"\" data-shadow-hover=\"\" data-shadow-click=\"none\" data-shadow=\"\" data-shd-shadow=\"\"  data-ultimate-target='#ubtn-1551'  data-responsive-json-new='{\"font-size\":\"\",\"line-height\":\"\"}'  style=\"font-weight:normal;border:none;background: #4F87BB;color: #FFFFFF;\"><span class=\"ubtn-data ubtn-icon\"><i class=\"Defaults-flag\" style=\"font-size:32px;color:;\"><\/i><\/span><span class=\"ubtn-hover\" style=\"background-color:\"><\/span><span class=\"ubtn-data ubtn-text \" >Notre Site web Ghrissy<\/span><\/button><\/a><\/div>[\/vc_column][vc_column width=&#8221;1\/2&#8243;]<div class=\" ubtn-ctn-left \"><a class=\"ubtn-link ult-adjust-bottom-margin ubtn-left ubtn-block \" href=\"https:\/\/eco-palm-travels.com\/\" target=\"_blank\" rel=\"noopener\" ><button type=\"button\" id=\"ubtn-4748\"  class=\"ubtn ult-adjust-bottom-margin ult-responsive ubtn-block ubtn-no-hover-bg  none  ubtn-sep-icon ubtn-sep-icon-at-left  ubtn-left   tooltip-69f7380e93d94 ubtn-block\"  data-hover=\"\" data-border-color=\"\" data-bg=\"#e0e0e0\" data-hover-bg=\"\" data-border-hover=\"\" data-shadow-hover=\"\" data-shadow-click=\"none\" data-shadow=\"\" data-shd-shadow=\"\"  data-ultimate-target='#ubtn-4748'  data-responsive-json-new='{\"font-size\":\"\",\"line-height\":\"\"}'  style=\"font-weight:normal;border:none;background: #e0e0e0;color: #000000;\"><span class=\"ubtn-data ubtn-icon\"><i class=\"Defaults-dropbox\" style=\"font-size:32px;color:;\"><\/i><\/span><span class=\"ubtn-hover\" style=\"background-color:\"><\/span><span class=\"ubtn-data ubtn-text \" >Note Site web Eco-Palm-Travels<\/span><\/button><\/a><\/div>[\/vc_column][\/vc_row][vc_row][vc_column][vc_single_image image=&#8221;7109&#8243; css=&#8221;&#8221; parallax_scroll=&#8221;no&#8221; woodmart_inline=&#8221;no&#8221;][\/vc_column][\/vc_row][\/vc_section][vc_row][vc_column width=&#8221;2\/3&#8243;]<div class=\"ult-new-ib ult-ib-effect-style5  ult-ib-resp ult-ib2-min-height \" data-min-width=\"768\" data-max-width=\"900\" style=\" opacity:0; \" data-opacity=\"1\" data-hover-opacity=\"1\"  data-min-height=\"450\" ><img decoding=\"async\" class=\"ult-new-ib-img\" style=\"opacity:1;\" alt=\"null\" src=\"https:\/\/eco-palm-sarl.com\/wp-content\/uploads\/2023\/11\/IMAG0072.jpg\"  data-min-height=\"450\"   \/><div id=\"interactive-banner-wrap-3811\" class=\"ult-new-ib-desc\" style=\"background:#95B47E;\"><h2 class=\"ult-new-ib-title ult-responsive\"  data-ultimate-target='#interactive-banner-wrap-3811 .ult-new-ib-title'  data-responsive-json-new='{\"font-size\":\"\",\"line-height\":\"\"}'  style=\"font-weight:normal;\"><\/h2><div class=\"ult-new-ib-content ult-responsive\"  data-ultimate-target='#interactive-banner-wrap-3811 .ult-new-ib-content'  data-responsive-json-new='{\"font-size\":\"\",\"line-height\":\"\"}'  style=\"font-weight:normal;\"><p>Plus d'imfos<\/p><\/div><\/div><a class=\"ult-new-ib-link\" href=\"https:\/\/eco-palm-sarl.com\/blog\/index.php\/palmier-dattier\/\" target=\"_blank\" rel=\"noopener\"  data-touch-delay=\"400\"><\/a><\/div>[vc_btn title=&#8221;Plus d&#8217;imfos&#8221; color=&#8221;danger&#8221; size=&#8221;lg&#8221; align=&#8221;center&#8221; css=&#8221;&#8221; link=&#8221;url:https%3A%2F%2Feco-palm-sarl.com%2Fblog%2F%3Fpage_id%3D7172|title:D%C3%A9riv%C3%A9s%20de%20palmiers%20et%20de%20dattes|target:_blank&#8221;][\/vc_column][vc_column width=&#8221;1\/3&#8243;]\t\t\t<link rel=\"stylesheet\" id=\"wd-text-block-css\" href=\"https:\/\/eco-palm-sarl.com\/wp-content\/themes\/woodmart\/css\/parts\/el-text-block.min.css?ver=\" type=\"text\/css\" media=\"all\" \/> \t\t\t\t\t<div id=\"wd-6704cbfa6132d\" class=\"wd-text-block wd-wpb reset-last-child wd-rs-6704cbfa6132d text-left \">\n\t\t\t<h1 style=\"text-align: center;\"><span style=\"font-size: 18pt;\"><strong>L\u00e0 o\u00f9 tout a commenc\u00e9\u00a0<\/strong><\/span><\/h1>\n<p style=\"text-align: left;\"><span style=\"font-size: 14pt; color: #333333;\">Je suis n\u00e9 dans le sud tunisien, une r\u00e9gion qui m\u2019est particuli\u00e8rement ch\u00e8re, et j\u2019ai toujours eu \u00e0 c\u0153ur de lui rendre un peu de tout ce qu\u2019elle m\u2019a apport\u00e9. Suivant la voie trac\u00e9e par mes anc\u00eatres qui produisaient des dattes, je me suis investi pour d\u00e9velopper tous les produits d\u00e9riv\u00e9s du palmier dattier, du grenadier et du figuier de Barbarie.<\/span><\/p>\n\t\t<\/div>\n\t\t[\/vc_column][\/vc_row][vc_row][vc_column][vc_single_image image=&#8221;7109&#8243; css=&#8221;&#8221; parallax_scroll=&#8221;no&#8221; woodmart_inline=&#8221;no&#8221;][\/vc_column][\/vc_row][vc_section][vc_row][vc_column width=&#8221;1\/3&#8243;]\t\t<div id=\"wd-6704cc1348461\" class=\"wd-text-block wd-wpb reset-last-child wd-rs-6704cc1348461 text-left \">\n\t\t\t<p style=\"text-align: center;\"><span style=\"font-size: 18pt; color: #000000;\"><b>La Tunisie, terre de l\u2019olivier<\/b><\/span><\/p>\n<p><span style=\"font-size: 14pt; color: #333333;\">C\u2019est au VIII\u00e8me si\u00e8cle avant J.-C. que les Ph\u00e9niciens ont introduit l\u2019olivier sur le territoire tunisien. Avec les Romains, l\u2019olivier est devenu une culture de premi\u00e8re importance. Aujourd\u2019hui, la Tunisie est un des principaux producteurs mondiaux d\u2019huile d\u2019olive biologique.<\/span><\/p>\n<p><span style=\"font-size: 14pt; color: #000000;\">Nous collaborons avec des petits ol\u00e9iculteurs pour vous offrir une gamme d\u2019huiles de qualit\u00e9.<\/span><\/p>\n\t\t<\/div>\n\t\t[\/vc_column][vc_column width=&#8221;2\/3&#8243;]<div class=\"ult-new-ib ult-ib-effect-style5  ult-ib-resp ult-ib2-min-height \" data-min-width=\"768\" data-max-width=\"900\" style=\" opacity:0; \" data-opacity=\"1\" data-hover-opacity=\"1\"  data-min-height=\"450\" ><img decoding=\"async\" class=\"ult-new-ib-img\" style=\"opacity:1;\" alt=\"null\" src=\"https:\/\/eco-palm-sarl.com\/wp-content\/uploads\/2023\/11\/shutterstock_361260437-1.jpg\"  data-min-height=\"450\"   \/><div id=\"interactive-banner-wrap-4230\" class=\"ult-new-ib-desc\" style=\"background:banner_style;\"><h2 class=\"ult-new-ib-title ult-responsive\"  data-ultimate-target='#interactive-banner-wrap-4230 .ult-new-ib-title'  data-responsive-json-new='{\"font-size\":\"\",\"line-height\":\"\"}'  style=\"font-weight:normal;\"><\/h2><\/div><a class=\"ult-new-ib-link\" href=\"https:\/\/eco-palm-sarl.com\/blog\/index.php\/lolivier-et-ses-derives\/\"  data-touch-delay=\"400\"><\/a><\/div>[vc_btn title=&#8221;Plus d&#8217;imfos&#8221; style=&#8221;3d&#8221; color=&#8221;danger&#8221; size=&#8221;lg&#8221; align=&#8221;center&#8221; css=&#8221;&#8221; link=&#8221;url:https%3A%2F%2Feco-palm-sarl.com%2Fblog%2F%3Fpage_id%3D7177|title:L%E2%80%99olivier%20et%20ses%20d%C3%A9riv%C3%A9s|target:_blank&#8221;][\/vc_column][\/vc_row][\/vc_section][vc_row][vc_column][vc_single_image image=&#8221;7109&#8243; css=&#8221;&#8221; parallax_scroll=&#8221;no&#8221; woodmart_inline=&#8221;no&#8221;][\/vc_column][\/vc_row][vc_section][vc_row][vc_column width=&#8221;2\/3&#8243;]<div class=\"ult-new-ib ult-ib-effect-style5  ult-ib-resp ult-ib2-min-height \" data-min-width=\"768\" data-max-width=\"900\" style=\" opacity:0; \" data-opacity=\"1\" data-hover-opacity=\"1\"  data-min-height=\"450\" ><img decoding=\"async\" class=\"ult-new-ib-img\" style=\"opacity:1;\" alt=\"null\" src=\"https:\/\/eco-palm-sarl.com\/wp-content\/uploads\/2023\/11\/arbre-grenadiers-rouge.jpg\"  data-min-height=\"450\"   \/><div id=\"interactive-banner-wrap-2730\" class=\"ult-new-ib-desc\" style=\"background:banner_style;\"><h2 class=\"ult-new-ib-title ult-responsive\"  data-ultimate-target='#interactive-banner-wrap-2730 .ult-new-ib-title'  data-responsive-json-new='{\"font-size\":\"\",\"line-height\":\"\"}'  style=\"font-weight:normal;\"><\/h2><\/div><a class=\"ult-new-ib-link\" href=\"https:\/\/eco-palm-sarl.com\/blog\/index.php\/grenadier\/\" target=\"_blank\" rel=\"noopener\"  data-touch-delay=\"400\"><\/a><\/div>[vc_btn title=&#8221;Plus d&#8217;imfos&#8221; style=&#8221;3d&#8221; color=&#8221;danger&#8221; size=&#8221;lg&#8221; align=&#8221;center&#8221; css=&#8221;&#8221; link=&#8221;url:https%3A%2F%2Feco-palm-sarl.com%2Fblog%2F%3Fpage_id%3D7179|title:Grenadier|target:_blank&#8221;][\/vc_column][vc_column width=&#8221;1\/3&#8243;]\t\t<div id=\"wd-6704cbbfa8c92\" class=\"wd-text-block wd-wpb reset-last-child wd-rs-6704cbbfa8c92 text-left \">\n\t\t\t<h1 style=\"text-align: center;\">Le grenadier<\/h1>\n<p><span style=\"color: #333333;\">C&#8217;est dans l&#8217;arri\u00e8re-pays de Carthage que les Ph\u00e9niciens d\u00e9velopp\u00e8rent la culture du grenadier d\u00e9j\u00e0 certainement pr\u00e9sent \u00e0 l&#8217;\u00e9tat sauvage au Maghreb. Les soldats Romains d\u00e9couvrirent la grenade lors de la premi\u00e8re guerre punique (III\u00e8me si\u00e8cle avant J.-C.) et la surnomm\u00e8rent malum punicum (pomme punique ou pomme de Carthage).<\/span><\/p>\n<p><span style=\"color: #333333;\">Aujourd&#8217;hui, le grenadier est cultiv\u00e9 dans plusieurs pays du bassin m\u00e9diterran\u00e9en, dont la Tunisie o\u00f9 il est devenu une culture incontournable.<\/span><\/p>\n\t\t<\/div>\n\t\t[\/vc_column][\/vc_row][vc_row][vc_column][vc_single_image image=&#8221;7109&#8243; css=&#8221;&#8221; parallax_scroll=&#8221;no&#8221; woodmart_inline=&#8221;no&#8221;][\/vc_column][\/vc_row][\/vc_section][vc_section][vc_row][vc_column width=&#8221;1\/3&#8243;]\t\t<div id=\"wd-6704cc406ab43\" class=\"wd-text-block wd-wpb reset-last-child wd-rs-6704cc406ab43 text-left \">\n\t\t\t<h1><span style=\"font-size: 18pt; color: #000000;\"><strong>Le figuier de Barbarie, une aubaine pour la Tunisie<\/strong><\/span><\/h1>\n<p>&nbsp;<\/p>\n<p><span style=\"color: #333333;\">Le figuier de Barbarie (opuntia ficus-indica), originaire du Mexique, fait partie des cact\u00e9es. Il s&#8217;est acclimat\u00e9 autour de la M\u00e9diterran\u00e9e et est cultiv\u00e9 en Tunisie pour de nombreux usages, en particulier pour la production d&#8217;huile cosm\u00e9tique de p\u00e9pins de figue de Barbarie, une pr\u00e9cieuse huile anti-\u00e2ge.<\/span><\/p>\n\t\t<\/div>\n\t\t[\/vc_column][vc_column width=&#8221;2\/3&#8243;]<div class=\"ult-new-ib ult-ib-effect-style5  ult-ib-resp ult-ib2-min-height \" data-min-width=\"768\" data-max-width=\"900\" style=\" opacity:0; \" data-opacity=\"1\" data-hover-opacity=\"1\"  data-min-height=\"450\" ><img decoding=\"async\" class=\"ult-new-ib-img\" style=\"opacity:1;\" alt=\"null\" src=\"https:\/\/eco-palm-sarl.com\/wp-content\/uploads\/2023\/11\/1200px-Tafraoute-Tiznit_col_du_Kerdous_113_1354.jpg\"  data-min-height=\"450\"   \/><div id=\"interactive-banner-wrap-6902\" class=\"ult-new-ib-desc\" style=\"background:banner_style;\"><h2 class=\"ult-new-ib-title ult-responsive\"  data-ultimate-target='#interactive-banner-wrap-6902 .ult-new-ib-title'  data-responsive-json-new='{\"font-size\":\"\",\"line-height\":\"\"}'  style=\"font-weight:normal;\"><\/h2><\/div><a class=\"ult-new-ib-link\" href=\"https:\/\/eco-palm-sarl.com\/blog\/index.php\/figue-de-barbarie\/\" target=\"_blank\" rel=\"noopener\"  data-touch-delay=\"400\"><\/a><\/div>[vc_btn title=&#8221;Plus d&#8217;imfos&#8221; style=&#8221;classic&#8221; color=&#8221;danger&#8221; size=&#8221;lg&#8221; align=&#8221;center&#8221; css=&#8221;&#8221; link=&#8221;url:https%3A%2F%2Feco-palm-sarl.com%2Fblog%2F%3Fportfolio%3Dfleurs-sechees-de-figuier-de-barbarie|title:Fleurs%20s%C3%A9ch%C3%A9es%20de%20figuier%20de%20Barbarie|target:_blank&#8221;][\/vc_column][\/vc_row][\/vc_section]\n<\/div>","protected":false},"excerpt":{"rendered":"<p>[vc_section][vc_row][vc_column][vc_column_text css=&#8221;&#8221; woodmart_inline=&#8221;no&#8221; text_larger=&#8221;no&#8221;]ECO-PALM est une entreprise fond\u00e9e par Tarek Ghrissi, install\u00e9e en Haute-Savoie depuis 2017 et sp\u00e9cialis\u00e9e dans la<\/p>\n","protected":false},"author":1,"featured_media":0,"parent":0,"menu_order":0,"comment_status":"closed","ping_status":"closed","template":"","meta":{"jetpack_post_was_ever_published":false,"footnotes":""},"class_list":["post-7487","page","type-page","status-publish","hentry"],"jetpack_sharing_enabled":true,"_links":{"self":[{"href":"https:\/\/eco-palm-sarl.com\/blog\/index.php?rest_route=\/wp\/v2\/pages\/7487","targetHints":{"allow":["GET"]}}],"collection":[{"href":"https:\/\/eco-palm-sarl.com\/blog\/index.php?rest_route=\/wp\/v2\/pages"}],"about":[{"href":"https:\/\/eco-palm-sarl.com\/blog\/index.php?rest_route=\/wp\/v2\/types\/page"}],"author":[{"embeddable":true,"href":"https:\/\/eco-palm-sarl.com\/blog\/index.php?rest_route=\/wp\/v2\/users\/1"}],"replies":[{"embeddable":true,"href":"https:\/\/eco-palm-sarl.com\/blog\/index.php?rest_route=%2Fwp%2Fv2%2Fcomments&post=7487"}],"version-history":[{"count":39,"href":"https:\/\/eco-palm-sarl.com\/blog\/index.php?rest_route=\/wp\/v2\/pages\/7487\/revisions"}],"predecessor-version":[{"id":7585,"href":"https:\/\/eco-palm-sarl.com\/blog\/index.php?rest_route=\/wp\/v2\/pages\/7487\/revisions\/7585"}],"wp:attachment":[{"href":"https:\/\/eco-palm-sarl.com\/blog\/index.php?rest_route=%2Fwp%2Fv2%2Fmedia&parent=7487"}],"curies":[{"name":"wp","href":"https:\/\/api.w.org\/{rel}","templated":true}]}}