{"id":7172,"date":"2023-11-12T18:10:52","date_gmt":"2023-11-12T17:10:52","guid":{"rendered":"https:\/\/eco-palm-sarl.com\/blog\/?page_id=7172"},"modified":"2024-10-16T12:05:42","modified_gmt":"2024-10-16T10:05:42","slug":"palmier-dattier","status":"publish","type":"page","link":"https:\/\/eco-palm-sarl.com\/blog\/?page_id=7172","title":{"rendered":"D\u00e9riv\u00e9s de palmiers et de dattes"},"content":{"rendered":"<div class=\"wpb-content-wrapper\">[vc_section][vc_row][vc_column width=&#8221;2\/3&#8243;]\t\t\t<link rel=\"stylesheet\" id=\"wd-text-block-css\" href=\"https:\/\/eco-palm-sarl.com\/wp-content\/themes\/woodmart\/css\/parts\/el-text-block.min.css?ver=\" type=\"text\/css\" media=\"all\" \/> \t\t\t\t\t<div id=\"wd-670f8cc6652ee\" class=\"wd-text-block wd-wpb reset-last-child wd-rs-670f8cc6652ee text-left \">\n\t\t\t<p><span style=\"font-size: 18pt;\">Notre oasis <strong>Ecopalm,<\/strong> situ\u00e9e dans le sud tunisien, au gouvernorat de K\u00e9bili, dans le village d\u2019Om El Farth, est bien plus qu\u2019un simple endroit. C\u2019est un h\u00e9ritage vivant transmis par nos anc\u00eatres, incarnant des si\u00e8cles de savoir-faire en agriculture des oasis. Nous continuons \u00e0 cultiver cette tradition avec passion, tout en am\u00e9liorant constamment nos m\u00e9thodes. En cr\u00e9ant des produits de dattes biologiques et leurs d\u00e9riv\u00e9s, ainsi que des produits d\u2019olive, d\u2019huile d\u2019olive et de grenade, nous embrassons un mode de vie moderne qui respecte nos traditions ancestrales. Chaque produit est le fruit d\u2019une l\u00e9gende, une histoire de durabilit\u00e9, de respect de la nature et de d\u00e9vouement \u00e0 pr\u00e9server notre patrimoine tout en innovant pour l\u2019avenir.<\/span><\/p>\n\t\t<\/div>\n\t\t[\/vc_column][vc_column width=&#8221;1\/3&#8243;][vc_gmaps link=&#8221;#E-8_JTNDaWZyYW1lJTIwc3JjJTNEJTIyaHR0cHMlM0ElMkYlMkZ3d3cuZ29vZ2xlLmNvbSUyRm1hcHMlMkZlbWJlZCUzRnBiJTNEJTIxMW0xOCUyMTFtMTIlMjExbTMlMjExZDQ1NDEuMjMxNzI4NTUyODY0JTIxMmQ5LjIxOTY5MjExMjI5Mjg5OSUyMTNkMzMuODA1Mjk3NDczMTM5MzQlMjEybTMlMjExZjAlMjEyZjAlMjEzZjAlMjEzbTIlMjExaTEwMjQlMjEyaTc2OCUyMTRmMTMuMSUyMTNtMyUyMTFtMiUyMTFzMHgxMjU1ZGZkMjYxMjFlZWMzJTI1M0EweGY5NzQ4ODc3NWFkOWViMzAlMjEyc09hc2lzJTI1MjBlY29wYWxtJTI1MjBiaW8lMjE1ZTElMjEzbTIlMjExc2ZyJTIxMnN0biUyMTR2MTcyOTA3MjE1NTIzNCUyMTVtMiUyMTFzZnIlMjEyc3RuJTIyJTIwd2lkdGglM0QlMjI2MDAlMjIlMjBoZWlnaHQlM0QlMjI0NTAlMjIlMjBzdHlsZSUzRCUyMmJvcmRlciUzQTAlM0IlMjIlMjBhbGxvd2Z1bGxzY3JlZW4lM0QlMjIlMjIlMjBsb2FkaW5nJTNEJTIybGF6eSUyMiUyMHJlZmVycmVycG9saWN5JTNEJTIybm8tcmVmZXJyZXItd2hlbi1kb3duZ3JhZGUlMjIlM0UlM0MlMkZpZnJhbWUlM0U=&#8221; css=&#8221;&#8221;][\/vc_column][\/vc_row][vc_row][vc_column][\/vc_column][\/vc_row][vc_row][vc_column]\t\t\t<link rel=\"stylesheet\" id=\"wd-photoswipe-css\" href=\"https:\/\/eco-palm-sarl.com\/wp-content\/themes\/woodmart\/css\/parts\/lib-photoswipe.min.css?ver=\" type=\"text\/css\" media=\"all\" \/> \t\t\t\t\t\t<link rel=\"stylesheet\" id=\"wd-owl-carousel-css\" href=\"https:\/\/eco-palm-sarl.com\/wp-content\/themes\/woodmart\/css\/parts\/lib-owl-carousel.min.css?ver=\" type=\"text\/css\" media=\"all\" \/> \t\t\t\t\t\t<link rel=\"stylesheet\" id=\"wd-image-gallery-css\" href=\"https:\/\/eco-palm-sarl.com\/wp-content\/themes\/woodmart\/css\/parts\/el-gallery.min.css?ver=\" type=\"text\/css\" media=\"all\" \/> \t\t\t\t\t<div id=\"gallery_162\" class=\"wd-images-gallery wd-rs-6651b503b3bfd wd-justify-center wd-items-middle view-carousel photoswipe-images wd-carousel-spacing-0 wd-carousel-container\" data-owl-carousel data-wrap=\"no\" data-autoplay=\"yes\" data-hide_pagination_control=\"yes\" data-hide_prev_next_buttons=\"no\" data-desktop=\"6\" data-tablet_landscape=\"4\" data-tablet=\"3\" data-mobile=\"2\">\n\t\t\t<div class=\"gallery-images owl-carousel wd-owl owl-items-lg-6 owl-items-md-4 owl-items-sm-3 owl-items-xs-2\">\n\t\t\t\t\t\t\t\t\t\t\t\t\t\t\t<div class=\"wd-gallery-item\">\n\t\t\t\t\t\t\t\t\t\t\t\t\t\t<a href=\"https:\/\/eco-palm-sarl.com\/wp-content\/uploads\/2023\/11\/PICT0009.jpg\" data-elementor-open-lightbox=\"no\" data-index=\"1\" data-width=\"2048\" data-height=\"1536\"  >\n\t\t\t\t\t\t\t\t\n\t\t\t\t\t\t\t\t\t\t\t\t\t\t\t\t\t<img loading=\"lazy\" decoding=\"async\" width=\"300\" height=\"225\" src=\"https:\/\/eco-palm-sarl.com\/wp-content\/uploads\/2023\/11\/PICT0009-300x225.jpg\" class=\"wd-gallery-image image-1 attachment-medium\" alt=\"\" title=\"AIPTEK\" srcset=\"https:\/\/eco-palm-sarl.com\/wp-content\/uploads\/2023\/11\/PICT0009-300x225.jpg 300w, https:\/\/eco-palm-sarl.com\/wp-content\/uploads\/2023\/11\/PICT0009-150x113.jpg 150w, https:\/\/eco-palm-sarl.com\/wp-content\/uploads\/2023\/11\/PICT0009-600x450.jpg 600w, https:\/\/eco-palm-sarl.com\/wp-content\/uploads\/2023\/11\/PICT0009-1024x768.jpg 1024w, https:\/\/eco-palm-sarl.com\/wp-content\/uploads\/2023\/11\/PICT0009-768x576.jpg 768w, https:\/\/eco-palm-sarl.com\/wp-content\/uploads\/2023\/11\/PICT0009-1536x1152.jpg 1536w, https:\/\/eco-palm-sarl.com\/wp-content\/uploads\/2023\/11\/PICT0009.jpg 2048w\" sizes=\"auto, (max-width: 300px) 100vw, 300px\" \/>\t\t\t\t\t\t\t\t\n\n\t\t\t\t\t\t\t\t\t\t\t\t\t\t\t<\/a>\n\t\t\t\t\t\t\t\t\t\t\t\t<\/div>\n\t\t\t\t\t\t\t\t\t\t\t<div class=\"wd-gallery-item\">\n\t\t\t\t\t\t\t\t\t\t\t\t\t\t<a href=\"https:\/\/eco-palm-sarl.com\/wp-content\/uploads\/2023\/11\/PICT0050.jpg\" data-elementor-open-lightbox=\"no\" data-index=\"2\" data-width=\"2146\" data-height=\"1920\"  >\n\t\t\t\t\t\t\t\t\n\t\t\t\t\t\t\t\t\t\t\t\t\t\t\t\t\t<img loading=\"lazy\" decoding=\"async\" width=\"300\" height=\"268\" src=\"https:\/\/eco-palm-sarl.com\/wp-content\/uploads\/2023\/11\/PICT0050-300x268.jpg\" class=\"wd-gallery-image image-2 attachment-medium\" alt=\"\" title=\"AIPTEK\" srcset=\"https:\/\/eco-palm-sarl.com\/wp-content\/uploads\/2023\/11\/PICT0050-300x268.jpg 300w, https:\/\/eco-palm-sarl.com\/wp-content\/uploads\/2023\/11\/PICT0050-150x134.jpg 150w, https:\/\/eco-palm-sarl.com\/wp-content\/uploads\/2023\/11\/PICT0050-600x537.jpg 600w, https:\/\/eco-palm-sarl.com\/wp-content\/uploads\/2023\/11\/PICT0050-1024x916.jpg 1024w, https:\/\/eco-palm-sarl.com\/wp-content\/uploads\/2023\/11\/PICT0050-768x687.jpg 768w, https:\/\/eco-palm-sarl.com\/wp-content\/uploads\/2023\/11\/PICT0050-1536x1374.jpg 1536w, https:\/\/eco-palm-sarl.com\/wp-content\/uploads\/2023\/11\/PICT0050-2048x1832.jpg 2048w\" sizes=\"auto, (max-width: 300px) 100vw, 300px\" \/>\t\t\t\t\t\t\t\t\n\n\t\t\t\t\t\t\t\t\t\t\t\t\t\t\t<\/a>\n\t\t\t\t\t\t\t\t\t\t\t\t<\/div>\n\t\t\t\t\t\t\t\t\t\t\t<div class=\"wd-gallery-item\">\n\t\t\t\t\t\t\t\t\t\t\t\t\t\t<a href=\"https:\/\/eco-palm-sarl.com\/wp-content\/uploads\/2023\/11\/20201223_164213-scaled.jpg\" data-elementor-open-lightbox=\"no\" data-index=\"3\" data-width=\"1920\" data-height=\"2560\"  >\n\t\t\t\t\t\t\t\t\n\t\t\t\t\t\t\t\t\t\t\t\t\t\t\t\t\t<img loading=\"lazy\" decoding=\"async\" width=\"225\" height=\"300\" src=\"https:\/\/eco-palm-sarl.com\/wp-content\/uploads\/2023\/11\/20201223_164213-225x300.jpg\" class=\"wd-gallery-image image-3 attachment-medium\" alt=\"\" title=\"20201223_164213\" srcset=\"https:\/\/eco-palm-sarl.com\/wp-content\/uploads\/2023\/11\/20201223_164213-225x300.jpg 225w, https:\/\/eco-palm-sarl.com\/wp-content\/uploads\/2023\/11\/20201223_164213-scaled-150x200.jpg 150w, https:\/\/eco-palm-sarl.com\/wp-content\/uploads\/2023\/11\/20201223_164213-scaled-600x800.jpg 600w, https:\/\/eco-palm-sarl.com\/wp-content\/uploads\/2023\/11\/20201223_164213-768x1024.jpg 768w, https:\/\/eco-palm-sarl.com\/wp-content\/uploads\/2023\/11\/20201223_164213-1152x1536.jpg 1152w, https:\/\/eco-palm-sarl.com\/wp-content\/uploads\/2023\/11\/20201223_164213-1536x2048.jpg 1536w, https:\/\/eco-palm-sarl.com\/wp-content\/uploads\/2023\/11\/20201223_164213-scaled.jpg 1920w\" sizes=\"auto, (max-width: 225px) 100vw, 225px\" \/>\t\t\t\t\t\t\t\t\n\n\t\t\t\t\t\t\t\t\t\t\t\t\t\t\t<\/a>\n\t\t\t\t\t\t\t\t\t\t\t\t<\/div>\n\t\t\t\t\t\t\t\t\t\t\t<div class=\"wd-gallery-item\">\n\t\t\t\t\t\t\t\t\t\t\t\t\t\t<a href=\"https:\/\/eco-palm-sarl.com\/wp-content\/uploads\/2024\/04\/Publication-Facebookdattefinal1.png\" data-elementor-open-lightbox=\"no\" data-index=\"4\" data-width=\"705\" data-height=\"591\"  >\n\t\t\t\t\t\t\t\t\n\t\t\t\t\t\t\t\t\t\t\t\t\t\t\t\t\t<img loading=\"lazy\" decoding=\"async\" width=\"300\" height=\"251\" src=\"https:\/\/eco-palm-sarl.com\/wp-content\/uploads\/2024\/04\/Publication-Facebookdattefinal1-300x251.png\" class=\"wd-gallery-image image-4 attachment-medium\" alt=\"\" title=\"(Publication Facebook)dattefinal1\" srcset=\"https:\/\/eco-palm-sarl.com\/wp-content\/uploads\/2024\/04\/Publication-Facebookdattefinal1-300x251.png 300w, https:\/\/eco-palm-sarl.com\/wp-content\/uploads\/2024\/04\/Publication-Facebookdattefinal1-150x126.png 150w, https:\/\/eco-palm-sarl.com\/wp-content\/uploads\/2024\/04\/Publication-Facebookdattefinal1-600x503.png 600w, https:\/\/eco-palm-sarl.com\/wp-content\/uploads\/2024\/04\/Publication-Facebookdattefinal1.png 705w\" sizes=\"auto, (max-width: 300px) 100vw, 300px\" \/>\t\t\t\t\t\t\t\t\n\n\t\t\t\t\t\t\t\t\t\t\t\t\t\t\t<\/a>\n\t\t\t\t\t\t\t\t\t\t\t\t<\/div>\n\t\t\t\t\t\t\t\t\t\t\t<div class=\"wd-gallery-item\">\n\t\t\t\t\t\t\t\t\t\t\t\t\t\t<a href=\"https:\/\/eco-palm-sarl.com\/wp-content\/uploads\/2024\/04\/Sirop-datte.png\" data-elementor-open-lightbox=\"no\" data-index=\"5\" data-width=\"2048\" data-height=\"2048\"  >\n\t\t\t\t\t\t\t\t\n\t\t\t\t\t\t\t\t\t\t\t\t\t\t\t\t\t<img loading=\"lazy\" decoding=\"async\" width=\"300\" height=\"300\" src=\"https:\/\/eco-palm-sarl.com\/wp-content\/uploads\/2024\/04\/Sirop-datte-300x300.png\" class=\"wd-gallery-image image-5 attachment-medium\" alt=\"\" title=\"Sirop datte\" srcset=\"https:\/\/eco-palm-sarl.com\/wp-content\/uploads\/2024\/04\/Sirop-datte-300x300.png 300w, https:\/\/eco-palm-sarl.com\/wp-content\/uploads\/2024\/04\/Sirop-datte-150x150.png 150w, https:\/\/eco-palm-sarl.com\/wp-content\/uploads\/2024\/04\/Sirop-datte-600x600.png 600w, https:\/\/eco-palm-sarl.com\/wp-content\/uploads\/2024\/04\/Sirop-datte-1024x1024.png 1024w, https:\/\/eco-palm-sarl.com\/wp-content\/uploads\/2024\/04\/Sirop-datte-768x768.png 768w, https:\/\/eco-palm-sarl.com\/wp-content\/uploads\/2024\/04\/Sirop-datte-1536x1536.png 1536w, https:\/\/eco-palm-sarl.com\/wp-content\/uploads\/2024\/04\/Sirop-datte.png 2048w\" sizes=\"auto, (max-width: 300px) 100vw, 300px\" \/>\t\t\t\t\t\t\t\t\n\n\t\t\t\t\t\t\t\t\t\t\t\t\t\t\t<\/a>\n\t\t\t\t\t\t\t\t\t\t\t\t<\/div>\n\t\t\t\t\t\t\t\t\t\t\t<div class=\"wd-gallery-item\">\n\t\t\t\t\t\t\t\t\t\t\t\t\t\t<a href=\"https:\/\/eco-palm-sarl.com\/wp-content\/uploads\/2023\/09\/20230915_170730-scaled.jpg\" data-elementor-open-lightbox=\"no\" data-index=\"6\" data-width=\"1920\" data-height=\"2560\"  >\n\t\t\t\t\t\t\t\t\n\t\t\t\t\t\t\t\t\t\t\t\t\t\t\t\t\t<img loading=\"lazy\" decoding=\"async\" width=\"225\" height=\"300\" src=\"https:\/\/eco-palm-sarl.com\/wp-content\/uploads\/2023\/09\/20230915_170730-225x300.jpg\" class=\"wd-gallery-image image-6 attachment-medium\" alt=\"\" title=\"20230915_170730\" srcset=\"https:\/\/eco-palm-sarl.com\/wp-content\/uploads\/2023\/09\/20230915_170730-225x300.jpg 225w, https:\/\/eco-palm-sarl.com\/wp-content\/uploads\/2023\/09\/20230915_170730-scaled-150x200.jpg 150w, https:\/\/eco-palm-sarl.com\/wp-content\/uploads\/2023\/09\/20230915_170730-scaled-600x800.jpg 600w, https:\/\/eco-palm-sarl.com\/wp-content\/uploads\/2023\/09\/20230915_170730-768x1024.jpg 768w, https:\/\/eco-palm-sarl.com\/wp-content\/uploads\/2023\/09\/20230915_170730-1152x1536.jpg 1152w, https:\/\/eco-palm-sarl.com\/wp-content\/uploads\/2023\/09\/20230915_170730-1536x2048.jpg 1536w, https:\/\/eco-palm-sarl.com\/wp-content\/uploads\/2023\/09\/20230915_170730-scaled.jpg 1920w\" sizes=\"auto, (max-width: 225px) 100vw, 225px\" \/>\t\t\t\t\t\t\t\t\n\n\t\t\t\t\t\t\t\t\t\t\t\t\t\t\t<\/a>\n\t\t\t\t\t\t\t\t\t\t\t\t<\/div>\n\t\t\t\t\t\t\t\t\t\t\t\t<\/div>\n\t\t<\/div>\n\t\t\t\t[\/vc_column][\/vc_row][\/vc_section]\n<\/div>","protected":false},"excerpt":{"rendered":"<p>[vc_section][vc_row][vc_column width=&#8221;2\/3&#8243;][\/vc_column][vc_column width=&#8221;1\/3&#8243;][vc_gmaps link=&#8221;#E-8_JTNDaWZyYW1lJTIwc3JjJTNEJTIyaHR0cHMlM0ElMkYlMkZ3d3cuZ29vZ2xlLmNvbSUyRm1hcHMlMkZlbWJlZCUzRnBiJTNEJTIxMW0xOCUyMTFtMTIlMjExbTMlMjExZDQ1NDEuMjMxNzI4NTUyODY0JTIxMmQ5LjIxOTY5MjExMjI5Mjg5OSUyMTNkMzMuODA1Mjk3NDczMTM5MzQlMjEybTMlMjExZjAlMjEyZjAlMjEzZjAlMjEzbTIlMjExaTEwMjQlMjEyaTc2OCUyMTRmMTMuMSUyMTNtMyUyMTFtMiUyMTFzMHgxMjU1ZGZkMjYxMjFlZWMzJTI1M0EweGY5NzQ4ODc3NWFkOWViMzAlMjEyc09hc2lzJTI1MjBlY29wYWxtJTI1MjBiaW8lMjE1ZTElMjEzbTIlMjExc2ZyJTIxMnN0biUyMTR2MTcyOTA3MjE1NTIzNCUyMTVtMiUyMTFzZnIlMjEyc3RuJTIyJTIwd2lkdGglM0QlMjI2MDAlMjIlMjBoZWlnaHQlM0QlMjI0NTAlMjIlMjBzdHlsZSUzRCUyMmJvcmRlciUzQTAlM0IlMjIlMjBhbGxvd2Z1bGxzY3JlZW4lM0QlMjIlMjIlMjBsb2FkaW5nJTNEJTIybGF6eSUyMiUyMHJlZmVycmVycG9saWN5JTNEJTIybm8tcmVmZXJyZXItd2hlbi1kb3duZ3JhZGUlMjIlM0UlM0MlMkZpZnJhbWUlM0U=&#8221; css=&#8221;&#8221;][\/vc_column][\/vc_row][vc_row][vc_column][\/vc_column][\/vc_row][vc_row][vc_column][\/vc_column][\/vc_row][\/vc_section]<\/p>\n","protected":false},"author":1,"featured_media":0,"parent":0,"menu_order":0,"comment_status":"closed","ping_status":"closed","template":"","meta":{"jetpack_post_was_ever_published":false,"footnotes":""},"class_list":["post-7172","page","type-page","status-publish","hentry"],"jetpack_sharing_enabled":true,"_links":{"self":[{"href":"https:\/\/eco-palm-sarl.com\/blog\/index.php?rest_route=\/wp\/v2\/pages\/7172","targetHints":{"allow":["GET"]}}],"collection":[{"href":"https:\/\/eco-palm-sarl.com\/blog\/index.php?rest_route=\/wp\/v2\/pages"}],"about":[{"href":"https:\/\/eco-palm-sarl.com\/blog\/index.php?rest_route=\/wp\/v2\/types\/page"}],"author":[{"embeddable":true,"href":"https:\/\/eco-palm-sarl.com\/blog\/index.php?rest_route=\/wp\/v2\/users\/1"}],"replies":[{"embeddable":true,"href":"https:\/\/eco-palm-sarl.com\/blog\/index.php?rest_route=%2Fwp%2Fv2%2Fcomments&post=7172"}],"version-history":[{"count":25,"href":"https:\/\/eco-palm-sarl.com\/blog\/index.php?rest_route=\/wp\/v2\/pages\/7172\/revisions"}],"predecessor-version":[{"id":7573,"href":"https:\/\/eco-palm-sarl.com\/blog\/index.php?rest_route=\/wp\/v2\/pages\/7172\/revisions\/7573"}],"wp:attachment":[{"href":"https:\/\/eco-palm-sarl.com\/blog\/index.php?rest_route=%2Fwp%2Fv2%2Fmedia&parent=7172"}],"curies":[{"name":"wp","href":"https:\/\/api.w.org\/{rel}","templated":true}]}}