{"id":44,"date":"2023-09-18T22:35:53","date_gmt":"2023-09-18T20:35:53","guid":{"rendered":"https:\/\/eco-palm-sarl.com\/blog\/index.php\/panier\/"},"modified":"2023-09-18T22:35:53","modified_gmt":"2023-09-18T20:35:53","slug":"panier","status":"publish","type":"page","link":"https:\/\/eco-palm-sarl.com\/blog\/?page_id=44","title":{"rendered":"Panier"},"content":{"rendered":"<div class=\"woocommerce\"><div class=\"woocommerce-notices-wrapper\"><\/div><div class=\"wc-empty-cart-message\">\n\t<div class=\"cart-empty woocommerce-info\">\n\t\tYour cart is currently empty.\t<\/div>\n<\/div>\t\t\t<link rel=\"stylesheet\" id=\"wd-woo-page-empty-page-css\" href=\"https:\/\/eco-palm-sarl.com\/wp-content\/themes\/woodmart\/css\/parts\/woo-page-empty-page.min.css?ver=\" type=\"text\/css\" media=\"all\" \/> \t\t\t\t\t<p class=\"cart-empty wd-empty-page\">\n\t\t\tYour cart is currently empty.\t\t<\/p>\n\t\t\t\t\t\t<div class=\"wd-empty-page-text\">\n\t\t\t\tAvant de passer \u00e0 la caisse, vous devez ajouter certains produits \u00e0 votre panier. <br> Vous trouverez beaucoup de produits int\u00e9ressants sur notre page \u00ab\u00a0Boutique\u00a0\u00bb.\t\t\t<\/div>\n\t\t\t\t<p class=\"return-to-shop\">\n\t\t<a class=\"button wc-backward\" href=\"https:\/\/eco-palm-sarl.com\/blog\/?page_id=43\">\n\t\t\tReturn to shop\t\t<\/a>\n\t<\/p>\n<\/div>","protected":false},"excerpt":{"rendered":"Your cart is currently empty. Your cart is currently empty. Avant de passer \u00e0 la caisse, vous devez ajouter certains","protected":false},"author":1,"featured_media":0,"parent":0,"menu_order":0,"comment_status":"closed","ping_status":"closed","template":"","meta":{"jetpack_post_was_ever_published":false,"footnotes":""},"class_list":["post-44","page","type-page","status-publish","hentry"],"jetpack_sharing_enabled":true,"_links":{"self":[{"href":"https:\/\/eco-palm-sarl.com\/blog\/index.php?rest_route=\/wp\/v2\/pages\/44","targetHints":{"allow":["GET"]}}],"collection":[{"href":"https:\/\/eco-palm-sarl.com\/blog\/index.php?rest_route=\/wp\/v2\/pages"}],"about":[{"href":"https:\/\/eco-palm-sarl.com\/blog\/index.php?rest_route=\/wp\/v2\/types\/page"}],"author":[{"embeddable":true,"href":"https:\/\/eco-palm-sarl.com\/blog\/index.php?rest_route=\/wp\/v2\/users\/1"}],"replies":[{"embeddable":true,"href":"https:\/\/eco-palm-sarl.com\/blog\/index.php?rest_route=%2Fwp%2Fv2%2Fcomments&post=44"}],"version-history":[{"count":0,"href":"https:\/\/eco-palm-sarl.com\/blog\/index.php?rest_route=\/wp\/v2\/pages\/44\/revisions"}],"wp:attachment":[{"href":"https:\/\/eco-palm-sarl.com\/blog\/index.php?rest_route=%2Fwp%2Fv2%2Fmedia&parent=44"}],"curies":[{"name":"wp","href":"https:\/\/api.w.org\/{rel}","templated":true}]}}