{"id":250,"date":"2023-09-22T13:51:23","date_gmt":"2023-09-22T11:51:23","guid":{"rendered":"https:\/\/eco-palm-sarl.com\/blog\/?page_id=250"},"modified":"2023-09-24T19:48:11","modified_gmt":"2023-09-24T17:48:11","slug":"contact","status":"publish","type":"page","link":"https:\/\/eco-palm-sarl.com\/blog\/?page_id=250","title":{"rendered":"Contact"},"content":{"rendered":"<div class=\"wpb-content-wrapper\">[vc_row][vc_column][\/vc_column][\/vc_row][vc_row][vc_column]<div class=\"wpforms-container wpforms-container-full wpforms-render-modern\" id=\"wpforms-419\"><form id=\"wpforms-form-419\" class=\"wpforms-validate wpforms-form wpforms-ajax-form\" data-formid=\"419\" method=\"post\" enctype=\"multipart\/form-data\" action=\"\/blog\/index.php?rest_route=%2Fwp%2Fv2%2Fpages%2F250\" data-token=\"ffa83af193cbee962d6e150711a8bf52\" data-token-time=\"1777813746\"><div class=\"wpforms-head-container\"><div class=\"wpforms-title\">Demande de creation de compte Professionnel<\/div><div class=\"wpforms-description\">Pour devenir partenaire ECO-PALM Sarl Envoyez-nous votre demande d'ouverture de compte professionnel pour commander sur notre E-Shop et b\u00e9n\u00e9ficier de nos services. Notre service commercial vous contactera dans les plus brefs d\u00e9lais.<\/div><\/div><noscript class=\"wpforms-error-noscript\">Veuillez activer JavaScript dans votre navigateur pour remplir ce formulaire.<\/noscript><div class=\"wpforms-hidden\" id=\"wpforms-error-noscript\">Veuillez activer JavaScript dans votre navigateur pour remplir ce formulaire.<\/div><div class=\"wpforms-field-container\"><div id=\"wpforms-419-field_9-container\" class=\"wpforms-field wpforms-field-text\" data-field-id=\"9\"><label class=\"wpforms-field-label\" for=\"wpforms-419-field_9\">Nom Enseigne* <span class=\"wpforms-required-label\" aria-hidden=\"true\">*<\/span><\/label><input type=\"text\" id=\"wpforms-419-field_9\" class=\"wpforms-field-medium wpforms-field-required\" name=\"wpforms[fields][9]\" aria-errormessage=\"wpforms-419-field_9-error\" required><\/div><div id=\"wpforms-419-field_21-container\" class=\"wpforms-field wpforms-field-select wpforms-field-select-style-classic\" data-field-id=\"21\"><label class=\"wpforms-field-label\" for=\"wpforms-419-field_21\">Forme Juridique * <span class=\"wpforms-required-label\" aria-hidden=\"true\">*<\/span><\/label><select id=\"wpforms-419-field_21\" class=\"wpforms-field-medium wpforms-field-required\" name=\"wpforms[fields][21]\" required=\"required\"><option value=\"SARL\" >SARL<\/option><option value=\"SAS\" >SAS<\/option><option value=\"SA\" >SA<\/option><option value=\"ERL\" >ERL<\/option><option value=\"SASU\" >SASU<\/option><option value=\"Entreprise indiveduelle\" >Entreprise indiveduelle<\/option><\/select><\/div><div id=\"wpforms-419-field_8-container\" class=\"wpforms-field wpforms-field-text\" data-field-id=\"8\"><label class=\"wpforms-field-label\" for=\"wpforms-419-field_8\">Activit\u00e9 <span class=\"wpforms-required-label\" aria-hidden=\"true\">*<\/span><\/label><input type=\"text\" id=\"wpforms-419-field_8\" class=\"wpforms-field-medium wpforms-field-required\" name=\"wpforms[fields][8]\" aria-errormessage=\"wpforms-419-field_8-error\" required><\/div><div id=\"wpforms-419-field_12-container\" class=\"wpforms-field wpforms-field-text\" data-field-id=\"12\"><label class=\"wpforms-field-label\" for=\"wpforms-419-field_12\">SIRET <span class=\"wpforms-required-label\" aria-hidden=\"true\">*<\/span><\/label><input type=\"text\" id=\"wpforms-419-field_12\" class=\"wpforms-field-medium wpforms-field-required\" name=\"wpforms[fields][12]\" aria-errormessage=\"wpforms-419-field_12-error\" required><\/div><div id=\"wpforms-419-field_13-container\" class=\"wpforms-field wpforms-field-text\" data-field-id=\"13\"><label class=\"wpforms-field-label\" for=\"wpforms-419-field_13\">TVA Intracommunautaire <span class=\"wpforms-required-label\" aria-hidden=\"true\">*<\/span><\/label><input type=\"text\" id=\"wpforms-419-field_13\" class=\"wpforms-field-medium wpforms-field-required\" name=\"wpforms[fields][13]\" aria-errormessage=\"wpforms-419-field_13-error\" required><\/div><div id=\"wpforms-419-field_14-container\" class=\"wpforms-field wpforms-field-text\" data-field-id=\"14\"><label class=\"wpforms-field-label\" for=\"wpforms-419-field_14\">Site Internet<\/label><input type=\"text\" id=\"wpforms-419-field_14\" class=\"wpforms-field-medium\" name=\"wpforms[fields][14]\" aria-errormessage=\"wpforms-419-field_14-error\" ><\/div><div id=\"wpforms-419-field_15-container\" class=\"wpforms-field wpforms-field-name\" data-field-id=\"15\"><fieldset><legend class=\"wpforms-field-label\">Nom <span class=\"wpforms-required-label\" aria-hidden=\"true\">*<\/span><\/legend><div class=\"wpforms-field-row wpforms-field-medium\"><div class=\"wpforms-field-row-block wpforms-first wpforms-one-half\"><input type=\"text\" id=\"wpforms-419-field_15\" class=\"wpforms-field-name-first wpforms-field-required\" name=\"wpforms[fields][15][first]\" aria-errormessage=\"wpforms-419-field_15-error\" required><label for=\"wpforms-419-field_15\" class=\"wpforms-field-sublabel after\">Pr\u00e9nom<\/label><\/div><div class=\"wpforms-field-row-block wpforms-one-half\"><input type=\"text\" id=\"wpforms-419-field_15-last\" class=\"wpforms-field-name-last wpforms-field-required\" name=\"wpforms[fields][15][last]\" aria-errormessage=\"wpforms-419-field_15-last-error\" required><label for=\"wpforms-419-field_15-last\" class=\"wpforms-field-sublabel after\">Nom<\/label><\/div><\/div><\/fieldset><\/div><div id=\"wpforms-419-field_16-container\" class=\"wpforms-field wpforms-field-email\" data-field-id=\"16\"><label class=\"wpforms-field-label\" for=\"wpforms-419-field_16\">E-mail <span class=\"wpforms-required-label\" aria-hidden=\"true\">*<\/span><\/label><input type=\"email\" id=\"wpforms-419-field_16\" class=\"wpforms-field-medium wpforms-field-required\" name=\"wpforms[fields][16]\" spellcheck=\"false\" aria-errormessage=\"wpforms-419-field_16-error\" required><\/div><div id=\"wpforms-419-field_17-container\" class=\"wpforms-field wpforms-field-text\" data-field-id=\"17\"><label class=\"wpforms-field-label\" for=\"wpforms-419-field_17\">T\u00e9l\u00e9phone <span class=\"wpforms-required-label\" aria-hidden=\"true\">*<\/span><\/label><input type=\"text\" id=\"wpforms-419-field_17\" class=\"wpforms-field-medium wpforms-field-required\" name=\"wpforms[fields][17]\" aria-errormessage=\"wpforms-419-field_17-error\" required><\/div><\/div><!-- .wpforms-field-container --><div class=\"wpforms-submit-container\" ><input type=\"hidden\" name=\"wpforms[id]\" value=\"419\"><input type=\"hidden\" name=\"page_title\" value=\"\"><input type=\"hidden\" name=\"page_url\" value=\"https:\/\/eco-palm-sarl.com\/blog\/index.php?rest_route=%2Fwp%2Fv2%2Fpages%2F250\"><button type=\"submit\" name=\"wpforms[submit]\" id=\"wpforms-submit-419\" class=\"wpforms-submit\" data-alt-text=\"Envoi...\" data-submit-text=\"Soumettre\" aria-live=\"assertive\" value=\"wpforms-submit\">Soumettre<\/button><img loading=\"lazy\" decoding=\"async\" src=\"https:\/\/eco-palm-sarl.com\/wp-content\/plugins\/wpforms-lite\/assets\/images\/submit-spin.svg\" class=\"wpforms-submit-spinner\" style=\"display: none;\" width=\"26\" height=\"26\" alt=\"Chargement en cours\"><\/div><\/form><\/div>  <!-- .wpforms-container -->[\/vc_column][\/vc_row]\n<\/div>","protected":false},"excerpt":{"rendered":"<p>[vc_row][vc_column][\/vc_column][\/vc_row][vc_row][vc_column][\/vc_column][\/vc_row]<\/p>\n","protected":false},"author":1,"featured_media":0,"parent":0,"menu_order":0,"comment_status":"closed","ping_status":"closed","template":"","meta":{"jetpack_post_was_ever_published":false,"footnotes":""},"class_list":["post-250","page","type-page","status-publish","hentry"],"jetpack_sharing_enabled":true,"_links":{"self":[{"href":"https:\/\/eco-palm-sarl.com\/blog\/index.php?rest_route=\/wp\/v2\/pages\/250","targetHints":{"allow":["GET"]}}],"collection":[{"href":"https:\/\/eco-palm-sarl.com\/blog\/index.php?rest_route=\/wp\/v2\/pages"}],"about":[{"href":"https:\/\/eco-palm-sarl.com\/blog\/index.php?rest_route=\/wp\/v2\/types\/page"}],"author":[{"embeddable":true,"href":"https:\/\/eco-palm-sarl.com\/blog\/index.php?rest_route=\/wp\/v2\/users\/1"}],"replies":[{"embeddable":true,"href":"https:\/\/eco-palm-sarl.com\/blog\/index.php?rest_route=%2Fwp%2Fv2%2Fcomments&post=250"}],"version-history":[{"count":11,"href":"https:\/\/eco-palm-sarl.com\/blog\/index.php?rest_route=\/wp\/v2\/pages\/250\/revisions"}],"predecessor-version":[{"id":452,"href":"https:\/\/eco-palm-sarl.com\/blog\/index.php?rest_route=\/wp\/v2\/pages\/250\/revisions\/452"}],"wp:attachment":[{"href":"https:\/\/eco-palm-sarl.com\/blog\/index.php?rest_route=%2Fwp%2Fv2%2Fmedia&parent=250"}],"curies":[{"name":"wp","href":"https:\/\/api.w.org\/{rel}","templated":true}]}}